{"id":750,"date":"2018-08-30T14:55:03","date_gmt":"2018-08-30T17:55:03","guid":{"rendered":"https:\/\/isfdytbelgrano-for.infd.edu.ar\/sitio\/noticias-del-instituto\/"},"modified":"2019-03-04T11:58:19","modified_gmt":"2019-03-04T14:58:19","slug":"noticias-del-instituto","status":"publish","type":"page","link":"https:\/\/isfdytbelgrano-for.infd.edu.ar\/sitio\/noticias-del-instituto\/","title":{"rendered":"Noticias del Instituto"},"content":{"rendered":"<h1>Aviso importante Inscripciones<\/h1>\n<h4 style=\"text-align: left;\">Se comunica que las inscripciones para el PROFESORADO EN LENGUA Y LITERATURA y la TECNICATURA SUPERIOR EN PRODUCCI\u00d3N E INDUSTRIALIZACI\u00d3N FRUTIHORTICOLA, seguir\u00e1n los d\u00edas Mi\u00e9rcoles 6, Jueves 7, y Viernes 8 de Marzo, en el ISFDyT de 19 hs. a 23 hs.<\/h4>\n<h1>Cursillo de ingreso a las carreras a\u00f1o 2019<\/h1>\n<h4 style=\"text-align: left;\">El ISFDyT comunica que los cursillos introductorios a las carreras de PROFESORADO EN LENGUA Y LITERATURA, y la TECNICATURA SUPERIOR EN PRODUCCI\u00d3N E INDUSTRIALIZACI\u00d3N FRUTIHORT\u00cdCOLA,\u00a0 dar\u00e1n inicio el d\u00eda Lunes 11 de marzo del corriente a\u00f1o.<\/h4>\n<p>&nbsp;<\/p>\n","protected":false},"excerpt":{"rendered":"<p>Aviso importante Inscripciones Se comunica que las inscripciones para el PROFESORADO EN LENGUA Y LITERATURA y la TECNICATURA SUPERIOR EN PRODUCCI\u00d3N E INDUSTRIALIZACI\u00d3N FRUTIHORTICOLA, seguir\u00e1n los d\u00edas Mi\u00e9rcoles 6, Jueves 7, y Viernes 8 de Marzo, en el ISFDyT de 19 hs. a 23 hs. Cursillo de ingreso a las carreras a\u00f1o 2019 El ISFDyT &#8230; <a title=\"Noticias del Instituto\" class=\"read-more\" href=\"https:\/\/isfdytbelgrano-for.infd.edu.ar\/sitio\/noticias-del-instituto\/\" aria-label=\"More on Noticias del Instituto\">[+]<\/a><\/p>\n","protected":false},"author":124,"featured_media":0,"parent":0,"menu_order":0,"comment_status":"closed","ping_status":"closed","template":"","meta":[],"acf":[],"_links":{"self":[{"href":"https:\/\/isfdytbelgrano-for.infd.edu.ar\/sitio\/wp-json\/wp\/v2\/pages\/750"}],"collection":[{"href":"https:\/\/isfdytbelgrano-for.infd.edu.ar\/sitio\/wp-json\/wp\/v2\/pages"}],"about":[{"href":"https:\/\/isfdytbelgrano-for.infd.edu.ar\/sitio\/wp-json\/wp\/v2\/types\/page"}],"author":[{"embeddable":true,"href":"https:\/\/isfdytbelgrano-for.infd.edu.ar\/sitio\/wp-json\/wp\/v2\/users\/124"}],"replies":[{"embeddable":true,"href":"https:\/\/isfdytbelgrano-for.infd.edu.ar\/sitio\/wp-json\/wp\/v2\/comments?post=750"}],"version-history":[{"count":2,"href":"https:\/\/isfdytbelgrano-for.infd.edu.ar\/sitio\/wp-json\/wp\/v2\/pages\/750\/revisions"}],"predecessor-version":[{"id":794,"href":"https:\/\/isfdytbelgrano-for.infd.edu.ar\/sitio\/wp-json\/wp\/v2\/pages\/750\/revisions\/794"}],"wp:attachment":[{"href":"https:\/\/isfdytbelgrano-for.infd.edu.ar\/sitio\/wp-json\/wp\/v2\/media?parent=750"}],"curies":[{"name":"wp","href":"https:\/\/api.w.org\/{rel}","templated":true}]}}